{"id":909,"date":"2025-10-30T09:55:13","date_gmt":"2025-10-30T09:55:13","guid":{"rendered":"https:\/\/serviceshop.aedlab.nl\/?page_id=909"},"modified":"2026-04-22T13:15:31","modified_gmt":"2026-04-22T13:15:31","slug":"vacatures","status":"publish","type":"page","link":"https:\/\/serviceshop.aedlab.nl\/fr\/vacatures\/","title":{"rendered":"Postes vacants"},"content":{"rendered":"<section class=\"bde-section-909-100 bde-section\">\n  \n  \n\t\n\n\n\n<div class=\"section-container\"><div class=\"bde-columns-909-103 bde-columns\"><div class=\"bde-column-909-109 bde-column\">\n  \n  \n\t\n\n\n\n<img decoding=\"async\" class=\"bde-image2-909-110 bde-image2\" src=\"https:\/\/serviceshop.aedlab.nl\/wp-content\/uploads\/2026\/04\/Team-Werken-bij-AED-Partner-3.jpg\" loading=\"lazy\" srcset=\"https:\/\/serviceshop.aedlab.nl\/wp-content\/uploads\/2026\/04\/Team-Werken-bij-AED-Partner-3.jpg 1200w, https:\/\/serviceshop.aedlab.nl\/wp-content\/uploads\/2026\/04\/Team-Werken-bij-AED-Partner-3-300x203.jpg 300w, https:\/\/serviceshop.aedlab.nl\/wp-content\/uploads\/2026\/04\/Team-Werken-bij-AED-Partner-3-1024x692.jpg 1024w, https:\/\/serviceshop.aedlab.nl\/wp-content\/uploads\/2026\/04\/Team-Werken-bij-AED-Partner-3-768x519.jpg 768w, https:\/\/serviceshop.aedlab.nl\/wp-content\/uploads\/2026\/04\/Team-Werken-bij-AED-Partner-3-18x12.jpg 18w\" sizes=\"(max-width: 1200px) 100vw, 1200px\">\n<\/div><div class=\"bde-column-909-104 bde-column\">\n  \n  \n\t\n\n\n\n<h1 class=\"bde-heading-909-102 bde-heading\">\nPostes vacants\n<\/h1><div class=\"bde-text-909-106 bde-text\">\nAED-Partner se d\u00e9veloppe ! Notre \u00e9quipe est donc r\u00e9guli\u00e8rement \u00e0 la recherche de nouveaux collaborateurs qui ont autant de motivation et d\u2019enthousiasme que nous. Nous accordons autant d\u2019importance \u00e0 la relation personnelle qu\u2019aux bonnes qualit\u00e9s. Ainsi, en tant qu\u2019\u00e9quipe soud\u00e9e et solide, nous pouvons contribuer \u00e0 un pays des Pays-Bas s\u00fbr sur le plan cardiaque.<br><br>Wil jij ook werken bij AED-Partner? Bekijk hieronder onze vacature(s) en neem contact met ons op. We gaan graag met je in gesprek!<br>\n<\/div>\n<\/div><\/div><\/div>\n<\/section><section class=\"bde-section-909-128 bde-section\">\n  \n  \n\t\n\n\n\n<div class=\"section-container\"><div class=\"bde-columns-909-130 bde-columns\"><div class=\"bde-column-909-131 bde-column\">\n  \n  \n\t\n\n\n\n<div class=\"bde-post-loop-909-129 bde-post-loop\"><div class=\"bde-loop bde-loop-grid ee-posts ee-posts-grid\">    <article class=\"bde-loop-item ee-post\">\n        <div class=\"bde-div-926-100-933-926-1 bde-div bde-div-926-100\">\n  \n  \n\t\n\n\n\n<a class=\"bde-container-link-926-135-933-926-1 bde-container-link bde-container-link-926-135 breakdance-link\" href=\"https:\/\/serviceshop.aedlab.nl\/fr\/vacature\/teamleider-commerciele-binnendienst-beringen-be\/\" target=\"_self\" data-type=\"url\">\n  \n  \n\t\n\n\n\n<h3 class=\"bde-heading-926-101-933-926-1 bde-heading bde-heading-926-101\">\nTeamleider Commerci\u00eble binnendienst - Beringen (BE)\n<\/h3>\n\n<\/a><div class=\"bde-div-926-122-933-926-1 bde-div bde-div-926-122\">\n  \n  \n\t\n\n\n\n\n<\/div><div class=\"bde-div-926-129-933-926-1 bde-div bde-div-926-129\">\n  \n  \n\t\n\n\n\n\n<\/div><div class=\"bde-text-926-102-933-926-1 bde-text bde-text-926-102\">\nWij zijn op zoek naar een Teamleider Commerci\u00eble Binnendienst die samen met ons wil bouwen aan groei, structuur \u00e9n\u2026 \u2764\ufe0f de hartveiligheid van de Benelux!\n<\/div><div class=\"bde-button-926-136-933-926-1 bde-button bde-button-926-136\">\n    \n                                    \n    \n    \n    \n    \n            \n                    \n            \n            \n\n    \n    \n    \n    \n    \n    <a class=\"breakdance-link button-atom button-atom--primary bde-button__button\" href=\"https:\/\/serviceshop.aedlab.nl\/fr\/vacature\/teamleider-commerciele-binnendienst-beringen-be\/\" target=\"_self\" data-type=\"url\"  >\n\n    \n        <span class=\"button-atom__text\">Bekijk deze vacature<\/span>\n\n        \n        \n                <\/a>\n\n    \n\n\n<\/div>\n<\/div>    <\/article>\n    <article class=\"bde-loop-item ee-post\">\n        <div class=\"bde-div-926-100-1936-926-1 bde-div bde-div-926-100\">\n  \n  \n\t\n\n\n\n<a class=\"bde-container-link-926-135-1936-926-1 bde-container-link bde-container-link-926-135 breakdance-link\" href=\"https:\/\/serviceshop.aedlab.nl\/fr\/vacature\/open-sollicitatie\/\" target=\"_self\" data-type=\"url\">\n  \n  \n\t\n\n\n\n<h3 class=\"bde-heading-926-101-1936-926-1 bde-heading bde-heading-926-101\">\nCandidature spontan\u00e9e\n<\/h3>\n\n<\/a><div class=\"bde-div-926-122-1936-926-1 bde-div bde-div-926-122\">\n  \n  \n\t\n\n\n\n\n<\/div><div class=\"bde-div-926-129-1936-926-1 bde-div bde-div-926-129\">\n  \n  \n\t\n\n\n\n\n<\/div><div class=\"bde-text-926-102-1936-926-1 bde-text bde-text-926-102\">\nStaat jouw (droom)baan nu niet tussen onze vacatures? En wil je wel graag bij ons werken? Stuur dan een open sollicitatie in en wie weet spreken we elkaar gauw!\n<\/div><div class=\"bde-button-926-136-1936-926-1 bde-button bde-button-926-136\">\n    \n                                    \n    \n    \n    \n    \n            \n                    \n            \n            \n\n    \n    \n    \n    \n    \n    <a class=\"breakdance-link button-atom button-atom--primary bde-button__button\" href=\"https:\/\/serviceshop.aedlab.nl\/fr\/vacature\/open-sollicitatie\/\" target=\"_self\" data-type=\"url\"  >\n\n    \n        <span class=\"button-atom__text\">Bekijk deze vacature<\/span>\n\n        \n        \n                <\/a>\n\n    \n\n\n<\/div>\n<\/div>    <\/article>\n<\/div>\r\n<\/div>\n<\/div><\/div><\/div>\n<\/section>","protected":false},"excerpt":{"rendered":"<p>Vacatures AED-Partner groeit! Ons team is daarom geregeld op zoek naar nieuwe collega\u2019s die net zo\u2019n drive en enthousiasme hebben als wij. Hierbij vinden we een persoonlijke klik net zo belangrijk als de juiste kwaliteiten. Zo kunnen we als hecht, sterk team bijdragen aan een hartveilig Nederland.Wil jij ook werken bij AED-Partner? Bekijk hieronder onze [&hellip;]<\/p>\n","protected":false},"author":1,"featured_media":910,"parent":0,"menu_order":0,"comment_status":"closed","ping_status":"closed","template":"","meta":{"_acf_changed":false,"_breakdance_hide_in_design_set":false,"_breakdance_tags":"","footnotes":""},"class_list":["post-909","page","type-page","status-publish","has-post-thumbnail","hentry"],"acf":[],"yoast_head":"<!-- This site is optimized with the Yoast SEO plugin v27.0 - https:\/\/yoast.com\/product\/yoast-seo-wordpress\/ -->\n<title>Vacatures - AED-partner<\/title>\n<meta name=\"robots\" content=\"noindex, follow, max-snippet:-1, max-image-preview:large, max-video-preview:-1\" \/>\n<meta property=\"og:locale\" content=\"fr_FR\" \/>\n<meta property=\"og:type\" content=\"article\" \/>\n<meta property=\"og:title\" content=\"Vacatures - AED-partner\" \/>\n<meta property=\"og:description\" content=\"Vacatures AED-Partner groeit! Ons team is daarom geregeld op zoek naar nieuwe collega\u2019s die net zo\u2019n drive en enthousiasme hebben als wij. Hierbij vinden we een persoonlijke klik net zo belangrijk als de juiste kwaliteiten. Zo kunnen we als hecht, sterk team bijdragen aan een hartveilig Nederland.Wil jij ook werken bij AED-Partner? Bekijk hieronder onze [&hellip;]\" \/>\n<meta property=\"og:url\" content=\"https:\/\/serviceshop.aedlab.nl\/fr\/vacatures\/\" \/>\n<meta property=\"og:site_name\" content=\"AED-partner\" \/>\n<meta property=\"article:modified_time\" content=\"2026-04-22T13:15:31+00:00\" \/>\n<meta property=\"og:image\" content=\"https:\/\/serviceshop.aedlab.nl\/wp-content\/uploads\/2025\/10\/AED-Partner_vacatures.jpg\" \/>\n\t<meta property=\"og:image:width\" content=\"1600\" \/>\n\t<meta property=\"og:image:height\" content=\"1067\" \/>\n\t<meta property=\"og:image:type\" content=\"image\/jpeg\" \/>\n<meta name=\"twitter:card\" content=\"summary_large_image\" \/>\n<meta name=\"twitter:label1\" content=\"Dur\u00e9e de lecture est.\" \/>\n\t<meta name=\"twitter:data1\" content=\"1 minute\" \/>\n<script type=\"application\/ld+json\" class=\"yoast-schema-graph\">{\"@context\":\"https:\/\/schema.org\",\"@graph\":[{\"@type\":\"WebPage\",\"@id\":\"https:\/\/serviceshop.aedlab.nl\/vacatures\/\",\"url\":\"https:\/\/serviceshop.aedlab.nl\/vacatures\/\",\"name\":\"Vacatures - AED-partner\",\"isPartOf\":{\"@id\":\"https:\/\/serviceshop.aedlab.nl\/#website\"},\"primaryImageOfPage\":{\"@id\":\"https:\/\/serviceshop.aedlab.nl\/vacatures\/#primaryimage\"},\"image\":{\"@id\":\"https:\/\/serviceshop.aedlab.nl\/vacatures\/#primaryimage\"},\"thumbnailUrl\":\"https:\/\/serviceshop.aedlab.nl\/wp-content\/uploads\/2025\/10\/AED-Partner_vacatures.jpg\",\"datePublished\":\"2025-10-30T09:55:13+00:00\",\"dateModified\":\"2026-04-22T13:15:31+00:00\",\"breadcrumb\":{\"@id\":\"https:\/\/serviceshop.aedlab.nl\/vacatures\/#breadcrumb\"},\"inLanguage\":\"fr-BE\",\"potentialAction\":[{\"@type\":\"ReadAction\",\"target\":[\"https:\/\/serviceshop.aedlab.nl\/vacatures\/\"]}]},{\"@type\":\"ImageObject\",\"inLanguage\":\"fr-BE\",\"@id\":\"https:\/\/serviceshop.aedlab.nl\/vacatures\/#primaryimage\",\"url\":\"https:\/\/serviceshop.aedlab.nl\/wp-content\/uploads\/2025\/10\/AED-Partner_vacatures.jpg\",\"contentUrl\":\"https:\/\/serviceshop.aedlab.nl\/wp-content\/uploads\/2025\/10\/AED-Partner_vacatures.jpg\",\"width\":1600,\"height\":1067},{\"@type\":\"BreadcrumbList\",\"@id\":\"https:\/\/serviceshop.aedlab.nl\/vacatures\/#breadcrumb\",\"itemListElement\":[{\"@type\":\"ListItem\",\"position\":1,\"name\":\"Home\",\"item\":\"https:\/\/serviceshop.aedlab.nl\/\"},{\"@type\":\"ListItem\",\"position\":2,\"name\":\"Vacatures\"}]},{\"@type\":\"WebSite\",\"@id\":\"https:\/\/serviceshop.aedlab.nl\/#website\",\"url\":\"https:\/\/serviceshop.aedlab.nl\/\",\"name\":\"Aedpartner.com\",\"description\":\"\",\"publisher\":{\"@id\":\"https:\/\/serviceshop.aedlab.nl\/#organization\"},\"potentialAction\":[{\"@type\":\"SearchAction\",\"target\":{\"@type\":\"EntryPoint\",\"urlTemplate\":\"https:\/\/serviceshop.aedlab.nl\/?s={search_term_string}\"},\"query-input\":{\"@type\":\"PropertyValueSpecification\",\"valueRequired\":true,\"valueName\":\"search_term_string\"}}],\"inLanguage\":\"fr-BE\"},{\"@type\":\"Organization\",\"@id\":\"https:\/\/serviceshop.aedlab.nl\/#organization\",\"name\":\"AED-Partner\",\"url\":\"https:\/\/serviceshop.aedlab.nl\/\",\"logo\":{\"@type\":\"ImageObject\",\"inLanguage\":\"fr-BE\",\"@id\":\"https:\/\/serviceshop.aedlab.nl\/#\/schema\/logo\/image\/\",\"url\":\"https:\/\/serviceshop.aedlab.nl\/wp-content\/uploads\/2025\/10\/AED-Partner-Logo-RGB-scaled.png\",\"contentUrl\":\"https:\/\/serviceshop.aedlab.nl\/wp-content\/uploads\/2025\/10\/AED-Partner-Logo-RGB-scaled.png\",\"width\":2560,\"height\":1372,\"caption\":\"AED-Partner\"},\"image\":{\"@id\":\"https:\/\/serviceshop.aedlab.nl\/#\/schema\/logo\/image\/\"}}]}<\/script>\n<!-- \/ Yoast SEO plugin. -->","yoast_head_json":{"title":"Vacatures - AED-partner","robots":{"index":"noindex","follow":"follow","max-snippet":"max-snippet:-1","max-image-preview":"max-image-preview:large","max-video-preview":"max-video-preview:-1"},"og_locale":"fr_FR","og_type":"article","og_title":"Vacatures - AED-partner","og_description":"Vacatures AED-Partner groeit! Ons team is daarom geregeld op zoek naar nieuwe collega\u2019s die net zo\u2019n drive en enthousiasme hebben als wij. Hierbij vinden we een persoonlijke klik net zo belangrijk als de juiste kwaliteiten. Zo kunnen we als hecht, sterk team bijdragen aan een hartveilig Nederland.Wil jij ook werken bij AED-Partner? Bekijk hieronder onze [&hellip;]","og_url":"https:\/\/serviceshop.aedlab.nl\/fr\/vacatures\/","og_site_name":"AED-partner","article_modified_time":"2026-04-22T13:15:31+00:00","og_image":[{"width":1600,"height":1067,"url":"https:\/\/serviceshop.aedlab.nl\/wp-content\/uploads\/2025\/10\/AED-Partner_vacatures.jpg","type":"image\/jpeg"}],"twitter_card":"summary_large_image","twitter_misc":{"Dur\u00e9e de lecture est.":"1 minute"},"schema":{"@context":"https:\/\/schema.org","@graph":[{"@type":"WebPage","@id":"https:\/\/serviceshop.aedlab.nl\/vacatures\/","url":"https:\/\/serviceshop.aedlab.nl\/vacatures\/","name":"Vacatures - AED-partner","isPartOf":{"@id":"https:\/\/serviceshop.aedlab.nl\/#website"},"primaryImageOfPage":{"@id":"https:\/\/serviceshop.aedlab.nl\/vacatures\/#primaryimage"},"image":{"@id":"https:\/\/serviceshop.aedlab.nl\/vacatures\/#primaryimage"},"thumbnailUrl":"https:\/\/serviceshop.aedlab.nl\/wp-content\/uploads\/2025\/10\/AED-Partner_vacatures.jpg","datePublished":"2025-10-30T09:55:13+00:00","dateModified":"2026-04-22T13:15:31+00:00","breadcrumb":{"@id":"https:\/\/serviceshop.aedlab.nl\/vacatures\/#breadcrumb"},"inLanguage":"fr-BE","potentialAction":[{"@type":"ReadAction","target":["https:\/\/serviceshop.aedlab.nl\/vacatures\/"]}]},{"@type":"ImageObject","inLanguage":"fr-BE","@id":"https:\/\/serviceshop.aedlab.nl\/vacatures\/#primaryimage","url":"https:\/\/serviceshop.aedlab.nl\/wp-content\/uploads\/2025\/10\/AED-Partner_vacatures.jpg","contentUrl":"https:\/\/serviceshop.aedlab.nl\/wp-content\/uploads\/2025\/10\/AED-Partner_vacatures.jpg","width":1600,"height":1067},{"@type":"BreadcrumbList","@id":"https:\/\/serviceshop.aedlab.nl\/vacatures\/#breadcrumb","itemListElement":[{"@type":"ListItem","position":1,"name":"Home","item":"https:\/\/serviceshop.aedlab.nl\/"},{"@type":"ListItem","position":2,"name":"Vacatures"}]},{"@type":"WebSite","@id":"https:\/\/serviceshop.aedlab.nl\/#website","url":"https:\/\/serviceshop.aedlab.nl\/","name":"Aedpartner.com","description":"","publisher":{"@id":"https:\/\/serviceshop.aedlab.nl\/#organization"},"potentialAction":[{"@type":"SearchAction","target":{"@type":"EntryPoint","urlTemplate":"https:\/\/serviceshop.aedlab.nl\/?s={search_term_string}"},"query-input":{"@type":"PropertyValueSpecification","valueRequired":true,"valueName":"search_term_string"}}],"inLanguage":"fr-BE"},{"@type":"Organization","@id":"https:\/\/serviceshop.aedlab.nl\/#organization","name":"Partenaire DEA","url":"https:\/\/serviceshop.aedlab.nl\/","logo":{"@type":"ImageObject","inLanguage":"fr-BE","@id":"https:\/\/serviceshop.aedlab.nl\/#\/schema\/logo\/image\/","url":"https:\/\/serviceshop.aedlab.nl\/wp-content\/uploads\/2025\/10\/AED-Partner-Logo-RGB-scaled.png","contentUrl":"https:\/\/serviceshop.aedlab.nl\/wp-content\/uploads\/2025\/10\/AED-Partner-Logo-RGB-scaled.png","width":2560,"height":1372,"caption":"AED-Partner"},"image":{"@id":"https:\/\/serviceshop.aedlab.nl\/#\/schema\/logo\/image\/"}}]}},"_links":{"self":[{"href":"https:\/\/serviceshop.aedlab.nl\/fr\/wp-json\/wp\/v2\/pages\/909","targetHints":{"allow":["GET"]}}],"collection":[{"href":"https:\/\/serviceshop.aedlab.nl\/fr\/wp-json\/wp\/v2\/pages"}],"about":[{"href":"https:\/\/serviceshop.aedlab.nl\/fr\/wp-json\/wp\/v2\/types\/page"}],"author":[{"embeddable":true,"href":"https:\/\/serviceshop.aedlab.nl\/fr\/wp-json\/wp\/v2\/users\/1"}],"replies":[{"embeddable":true,"href":"https:\/\/serviceshop.aedlab.nl\/fr\/wp-json\/wp\/v2\/comments?post=909"}],"version-history":[{"count":21,"href":"https:\/\/serviceshop.aedlab.nl\/fr\/wp-json\/wp\/v2\/pages\/909\/revisions"}],"predecessor-version":[{"id":3448,"href":"https:\/\/serviceshop.aedlab.nl\/fr\/wp-json\/wp\/v2\/pages\/909\/revisions\/3448"}],"wp:featuredmedia":[{"embeddable":true,"href":"https:\/\/serviceshop.aedlab.nl\/fr\/wp-json\/wp\/v2\/media\/910"}],"wp:attachment":[{"href":"https:\/\/serviceshop.aedlab.nl\/fr\/wp-json\/wp\/v2\/media?parent=909"}],"curies":[{"name":"wp","href":"https:\/\/api.w.org\/{rel}","templated":true}]}}