{"id":2634,"date":"2026-03-03T11:20:13","date_gmt":"2026-03-03T11:20:13","guid":{"rendered":"https:\/\/serviceshop.aedlab.nl\/?page_id=2634"},"modified":"2026-04-22T13:16:43","modified_gmt":"2026-04-22T13:16:43","slug":"heartbeatservice","status":"publish","type":"page","link":"https:\/\/serviceshop.aedlab.nl\/fr\/heartbeatservice\/","title":{"rendered":"HeartBeatService"},"content":{"rendered":"<section class=\"bde-section-2634-100 bde-section\">\n  \n  \n\t\n\n\n\n<div class=\"section-container\"><h1 class=\"bde-heading-2634-102 bde-heading\">\nHeartBeatService\n<\/h1><\/div>\n<\/section><section class=\"bde-section-2634-126 bde-section\">\n  \n  \n\t\n\n\n\n<div class=\"section-container\"><div class=\"bde-columns-2634-127 bde-columns\"><div class=\"bde-column-2634-128 bde-column\">\n              \n  \n  \n\t\n\n  <div class=\"section-background-overlay\"><\/div>\n\n\n<h2 class=\"bde-heading-2634-129 bde-heading\">\nEen AED zonder grote investering? Kies voor leasen!\n<\/h2><div class=\"bde-text-2634-130 bde-text\">\nWil je een AED, maar liever geen grote investering in \u00e9\u00e9n keer doen? Dan is een leasen bij AED-Partner d\u00e9 oplossing. Voor een vast bedrag per maand heb je een AED, inclusief alle accessoires tot je beschikking. Geen onverwachte kosten, wel alle zekerheid, dat is onze HeartBeatService. \n<\/div>\n<\/div><div class=\"bde-column-2634-131 bde-column\">\n  \n  \n\t\n\n\n\n<h3 class=\"bde-heading-2634-132 bde-heading\">\nAltijd klaar voor gebruik\n<\/h3><div class=\"bde-text-2634-133 bde-text\">\nBatterij leeg? Elektroden vervangen? Software-update nodig? Geen zorgen, wij regelen het. Zelfs na gebruik van de AED vervangen we de batterijen en elektroden helemaal gratis. Zo sta je nooit voor verrassingen en heb je altijd de beschikking over een werkende AED; thuis, op kantoor, in je sportclub of waar je dan ook veilig wilt zijn.\n<\/div>\n<\/div><\/div><\/div>\n<\/section><section class=\"bde-section-2634-112 bde-section\">\n  \n  \n\t\n\n\n\n<div class=\"section-container\"><div class=\"bde-columns-2634-113 bde-columns\"><div class=\"bde-column-2634-114 bde-column\">\n  \n  \n\t\n\n\n\n<h3 class=\"bde-heading-2634-115 bde-heading\">\nInclusief veilige opbergkast\n<\/h3><img decoding=\"async\" class=\"bde-image2-2634-116 bde-image2\" src=\"https:\/\/serviceshop.aedlab.nl\/wp-content\/uploads\/2026\/02\/AED-Partner-diefstal.jpg\" loading=\"lazy\" srcset=\"https:\/\/serviceshop.aedlab.nl\/wp-content\/uploads\/2026\/02\/AED-Partner-diefstal.jpg 1200w, https:\/\/serviceshop.aedlab.nl\/wp-content\/uploads\/2026\/02\/AED-Partner-diefstal-300x200.jpg 300w, https:\/\/serviceshop.aedlab.nl\/wp-content\/uploads\/2026\/02\/AED-Partner-diefstal-1024x683.jpg 1024w, https:\/\/serviceshop.aedlab.nl\/wp-content\/uploads\/2026\/02\/AED-Partner-diefstal-768x512.jpg 768w, https:\/\/serviceshop.aedlab.nl\/wp-content\/uploads\/2026\/02\/AED-Partner-diefstal-18x12.jpg 18w\" sizes=\"(max-width: 1200px) 100vw, 1200px\" data-entrance=\"fade\"><div class=\"bde-text-2634-117 bde-text\">\nJe kunt kiezen voor een binnen- of buitenkast, met of zonder pincodeslot. Zo berg je de AED altijd veilig op en is hij snel toegankelijk in noodsituaties.\n<\/div>\n<\/div><div class=\"bde-column-2634-118 bde-column\">\n  \n  \n\t\n\n\n\n<h3 class=\"bde-heading-2634-119 bde-heading\">\nEen leasevorm waarbij je volledig ontzorgd wordt!\n<\/h3><img decoding=\"async\" class=\"bde-image2-2634-120 bde-image2\" src=\"https:\/\/serviceshop.aedlab.nl\/wp-content\/uploads\/2025\/11\/AED-Partner-werkplaats3.jpg\" loading=\"lazy\" srcset=\"https:\/\/serviceshop.aedlab.nl\/wp-content\/uploads\/2025\/11\/AED-Partner-werkplaats3.jpg 1200w, https:\/\/serviceshop.aedlab.nl\/wp-content\/uploads\/2025\/11\/AED-Partner-werkplaats3-300x200.jpg 300w, https:\/\/serviceshop.aedlab.nl\/wp-content\/uploads\/2025\/11\/AED-Partner-werkplaats3-1024x683.jpg 1024w, https:\/\/serviceshop.aedlab.nl\/wp-content\/uploads\/2025\/11\/AED-Partner-werkplaats3-768x512.jpg 768w, https:\/\/serviceshop.aedlab.nl\/wp-content\/uploads\/2025\/11\/AED-Partner-werkplaats3-18x12.jpg 18w\" sizes=\"(max-width: 1200px) 100vw, 1200px\" data-entrance=\"fade\"><div class=\"bde-text-2634-121 bde-text\">\nWe werken met een leaseovereenkomsten van 5 of 8 jaar, waarbij je geen enkel omkijken naar je AED hebt. Handig toch?\n<\/div>\n<\/div><div class=\"bde-column-2634-122 bde-column\">\n  \n  \n\t\n\n\n\n<h3 class=\"bde-heading-2634-123 bde-heading\">\nDe belangrijkste voordelen van lease in z\u2019n algemeenheid\n<\/h3><img decoding=\"async\" class=\"bde-image2-2634-124 bde-image2\" src=\"https:\/\/serviceshop.aedlab.nl\/wp-content\/uploads\/2026\/03\/AED-Partner-serviceteam.jpg\" loading=\"lazy\" srcset=\"https:\/\/serviceshop.aedlab.nl\/wp-content\/uploads\/2026\/03\/AED-Partner-serviceteam.jpg 1200w, https:\/\/serviceshop.aedlab.nl\/wp-content\/uploads\/2026\/03\/AED-Partner-serviceteam-300x200.jpg 300w, https:\/\/serviceshop.aedlab.nl\/wp-content\/uploads\/2026\/03\/AED-Partner-serviceteam-1024x681.jpg 1024w, https:\/\/serviceshop.aedlab.nl\/wp-content\/uploads\/2026\/03\/AED-Partner-serviceteam-768x511.jpg 768w, https:\/\/serviceshop.aedlab.nl\/wp-content\/uploads\/2026\/03\/AED-Partner-serviceteam-18x12.jpg 18w\" sizes=\"(max-width: 1200px) 100vw, 1200px\" data-entrance=\"fade\"><div class=\"bde-text-2634-125 bde-text\">\n\u2022 Geen zaken op balans<br>\u2022 Voorspelbare budgettering<br>\u2022 Investeringsruimte<br>\u2022 Geen cashout bij aanschaf nieuwe AED\u2019s\n<\/div>\n<\/div><\/div><\/div>\n<\/section><section class=\"bde-section-2634-134 bde-section\">\n  \n  \n\t\n\n\n\n<div class=\"section-container\"><div class=\"bde-columns-2634-135 bde-columns\"><div class=\"bde-column-2634-136 bde-column\">\n  \n  \n\t\n\n\n\n<h3 class=\"bde-heading-2634-137 bde-heading\">\nDe belangrijkste voordelen van lease bij AED-Partner<br>\n<\/h3><div class=\"bde-text-2634-138 bde-text\">\n\u2022 Totale ontzorging van onderhoud na een inzet, bij storingen en voor vervanging van onderdelen<br>\u2022 Na een inzet binnen 6 uur ter plaatse<br>\u2022 AED-check m.b.v. remote monitoring: zeker weten dat je AED altijd werkt<br>\u2022 E\u00e9n vast aanspreekpunt voor service en verkoop<br>\u2022 Overzichtelijke facturering<br>\u2022 Recycling van oude toestellen, batterijen en elektroden<br>\u2022 CO2 Neutraal versturen van producten\n<\/div>\n<\/div><div class=\"bde-column-2634-139 bde-column\">\n  \n  \n\t\n\n\n\n<h3 class=\"bde-heading-2634-140 bde-heading\">\nHulp of advies nodig?\n<\/h3><div class=\"bde-text-2634-141 bde-text\">\nHeb je vragen over deze dienstverlening van AED-Partner? Wil je weten welke AED\u2019s in aanmerking komen voor een leaseovereenkomst, of wil je een offerte ontvangen? Neem gerust contact met ons op, we helpen je graag!\n<\/div>\n<\/div><\/div><\/div>\n<\/section>","protected":false},"excerpt":{"rendered":"<p>HeartBeatService Een AED zonder grote investering? Kies voor leasen! Wil je een AED, maar liever geen grote investering in \u00e9\u00e9n keer doen? Dan is een leasen bij AED-Partner d\u00e9 oplossing. Voor een vast bedrag per maand heb je een AED, inclusief alle accessoires tot je beschikking. Geen onverwachte kosten, wel alle zekerheid, dat is onze [&hellip;]<\/p>\n","protected":false},"author":1,"featured_media":2588,"parent":0,"menu_order":0,"comment_status":"closed","ping_status":"closed","template":"","meta":{"_acf_changed":false,"_breakdance_hide_in_design_set":false,"_breakdance_tags":"","footnotes":""},"class_list":["post-2634","page","type-page","status-publish","has-post-thumbnail","hentry"],"acf":[],"yoast_head":"<!-- This site is optimized with the Yoast SEO plugin v27.0 - https:\/\/yoast.com\/product\/yoast-seo-wordpress\/ -->\n<title>HeartBeatService - AED-partner<\/title>\n<meta name=\"robots\" content=\"noindex, follow, max-snippet:-1, max-image-preview:large, max-video-preview:-1\" \/>\n<meta property=\"og:locale\" content=\"fr_FR\" \/>\n<meta property=\"og:type\" content=\"article\" \/>\n<meta property=\"og:title\" content=\"HeartBeatService - AED-partner\" \/>\n<meta property=\"og:description\" content=\"HeartBeatService Een AED zonder grote investering? Kies voor leasen! Wil je een AED, maar liever geen grote investering in \u00e9\u00e9n keer doen? Dan is een leasen bij AED-Partner d\u00e9 oplossing. Voor een vast bedrag per maand heb je een AED, inclusief alle accessoires tot je beschikking. Geen onverwachte kosten, wel alle zekerheid, dat is onze [&hellip;]\" \/>\n<meta property=\"og:url\" content=\"https:\/\/serviceshop.aedlab.nl\/fr\/heartbeatservice\/\" \/>\n<meta property=\"og:site_name\" content=\"AED-partner\" \/>\n<meta property=\"article:modified_time\" content=\"2026-04-22T13:16:43+00:00\" \/>\n<meta property=\"og:image\" content=\"https:\/\/serviceshop.aedlab.nl\/wp-content\/uploads\/2025\/11\/AED-Partner-werkplaats3.jpg\" \/>\n\t<meta property=\"og:image:width\" content=\"1200\" \/>\n\t<meta property=\"og:image:height\" content=\"800\" \/>\n\t<meta property=\"og:image:type\" content=\"image\/jpeg\" \/>\n<meta name=\"twitter:card\" content=\"summary_large_image\" \/>\n<meta name=\"twitter:label1\" content=\"Dur\u00e9e de lecture est.\" \/>\n\t<meta name=\"twitter:data1\" content=\"1 minute\" \/>\n<script type=\"application\/ld+json\" class=\"yoast-schema-graph\">{\"@context\":\"https:\/\/schema.org\",\"@graph\":[{\"@type\":\"WebPage\",\"@id\":\"https:\/\/serviceshop.aedlab.nl\/heartbeatservice\/\",\"url\":\"https:\/\/serviceshop.aedlab.nl\/heartbeatservice\/\",\"name\":\"HeartBeatService - AED-partner\",\"isPartOf\":{\"@id\":\"https:\/\/serviceshop.aedlab.nl\/#website\"},\"primaryImageOfPage\":{\"@id\":\"https:\/\/serviceshop.aedlab.nl\/heartbeatservice\/#primaryimage\"},\"image\":{\"@id\":\"https:\/\/serviceshop.aedlab.nl\/heartbeatservice\/#primaryimage\"},\"thumbnailUrl\":\"https:\/\/serviceshop.aedlab.nl\/wp-content\/uploads\/2025\/11\/AED-Partner-werkplaats3.jpg\",\"datePublished\":\"2026-03-03T11:20:13+00:00\",\"dateModified\":\"2026-04-22T13:16:43+00:00\",\"breadcrumb\":{\"@id\":\"https:\/\/serviceshop.aedlab.nl\/heartbeatservice\/#breadcrumb\"},\"inLanguage\":\"fr-BE\",\"potentialAction\":[{\"@type\":\"ReadAction\",\"target\":[\"https:\/\/serviceshop.aedlab.nl\/heartbeatservice\/\"]}]},{\"@type\":\"ImageObject\",\"inLanguage\":\"fr-BE\",\"@id\":\"https:\/\/serviceshop.aedlab.nl\/heartbeatservice\/#primaryimage\",\"url\":\"https:\/\/serviceshop.aedlab.nl\/wp-content\/uploads\/2025\/11\/AED-Partner-werkplaats3.jpg\",\"contentUrl\":\"https:\/\/serviceshop.aedlab.nl\/wp-content\/uploads\/2025\/11\/AED-Partner-werkplaats3.jpg\",\"width\":1200,\"height\":800},{\"@type\":\"BreadcrumbList\",\"@id\":\"https:\/\/serviceshop.aedlab.nl\/heartbeatservice\/#breadcrumb\",\"itemListElement\":[{\"@type\":\"ListItem\",\"position\":1,\"name\":\"Home\",\"item\":\"https:\/\/serviceshop.aedlab.nl\/\"},{\"@type\":\"ListItem\",\"position\":2,\"name\":\"HeartBeatService\"}]},{\"@type\":\"WebSite\",\"@id\":\"https:\/\/serviceshop.aedlab.nl\/#website\",\"url\":\"https:\/\/serviceshop.aedlab.nl\/\",\"name\":\"Aedpartner.com\",\"description\":\"\",\"publisher\":{\"@id\":\"https:\/\/serviceshop.aedlab.nl\/#organization\"},\"potentialAction\":[{\"@type\":\"SearchAction\",\"target\":{\"@type\":\"EntryPoint\",\"urlTemplate\":\"https:\/\/serviceshop.aedlab.nl\/?s={search_term_string}\"},\"query-input\":{\"@type\":\"PropertyValueSpecification\",\"valueRequired\":true,\"valueName\":\"search_term_string\"}}],\"inLanguage\":\"fr-BE\"},{\"@type\":\"Organization\",\"@id\":\"https:\/\/serviceshop.aedlab.nl\/#organization\",\"name\":\"AED-Partner\",\"url\":\"https:\/\/serviceshop.aedlab.nl\/\",\"logo\":{\"@type\":\"ImageObject\",\"inLanguage\":\"fr-BE\",\"@id\":\"https:\/\/serviceshop.aedlab.nl\/#\/schema\/logo\/image\/\",\"url\":\"https:\/\/serviceshop.aedlab.nl\/wp-content\/uploads\/2025\/10\/AED-Partner-Logo-RGB-scaled.png\",\"contentUrl\":\"https:\/\/serviceshop.aedlab.nl\/wp-content\/uploads\/2025\/10\/AED-Partner-Logo-RGB-scaled.png\",\"width\":2560,\"height\":1372,\"caption\":\"AED-Partner\"},\"image\":{\"@id\":\"https:\/\/serviceshop.aedlab.nl\/#\/schema\/logo\/image\/\"}}]}<\/script>\n<!-- \/ Yoast SEO plugin. -->","yoast_head_json":{"title":"HeartBeatService - AED-partner","robots":{"index":"noindex","follow":"follow","max-snippet":"max-snippet:-1","max-image-preview":"max-image-preview:large","max-video-preview":"max-video-preview:-1"},"og_locale":"fr_FR","og_type":"article","og_title":"HeartBeatService - AED-partner","og_description":"HeartBeatService Een AED zonder grote investering? Kies voor leasen! Wil je een AED, maar liever geen grote investering in \u00e9\u00e9n keer doen? Dan is een leasen bij AED-Partner d\u00e9 oplossing. Voor een vast bedrag per maand heb je een AED, inclusief alle accessoires tot je beschikking. Geen onverwachte kosten, wel alle zekerheid, dat is onze [&hellip;]","og_url":"https:\/\/serviceshop.aedlab.nl\/fr\/heartbeatservice\/","og_site_name":"AED-partner","article_modified_time":"2026-04-22T13:16:43+00:00","og_image":[{"width":1200,"height":800,"url":"https:\/\/serviceshop.aedlab.nl\/wp-content\/uploads\/2025\/11\/AED-Partner-werkplaats3.jpg","type":"image\/jpeg"}],"twitter_card":"summary_large_image","twitter_misc":{"Dur\u00e9e de lecture est.":"1 minute"},"schema":{"@context":"https:\/\/schema.org","@graph":[{"@type":"WebPage","@id":"https:\/\/serviceshop.aedlab.nl\/heartbeatservice\/","url":"https:\/\/serviceshop.aedlab.nl\/heartbeatservice\/","name":"HeartBeatService - AED-partner","isPartOf":{"@id":"https:\/\/serviceshop.aedlab.nl\/#website"},"primaryImageOfPage":{"@id":"https:\/\/serviceshop.aedlab.nl\/heartbeatservice\/#primaryimage"},"image":{"@id":"https:\/\/serviceshop.aedlab.nl\/heartbeatservice\/#primaryimage"},"thumbnailUrl":"https:\/\/serviceshop.aedlab.nl\/wp-content\/uploads\/2025\/11\/AED-Partner-werkplaats3.jpg","datePublished":"2026-03-03T11:20:13+00:00","dateModified":"2026-04-22T13:16:43+00:00","breadcrumb":{"@id":"https:\/\/serviceshop.aedlab.nl\/heartbeatservice\/#breadcrumb"},"inLanguage":"fr-BE","potentialAction":[{"@type":"ReadAction","target":["https:\/\/serviceshop.aedlab.nl\/heartbeatservice\/"]}]},{"@type":"ImageObject","inLanguage":"fr-BE","@id":"https:\/\/serviceshop.aedlab.nl\/heartbeatservice\/#primaryimage","url":"https:\/\/serviceshop.aedlab.nl\/wp-content\/uploads\/2025\/11\/AED-Partner-werkplaats3.jpg","contentUrl":"https:\/\/serviceshop.aedlab.nl\/wp-content\/uploads\/2025\/11\/AED-Partner-werkplaats3.jpg","width":1200,"height":800},{"@type":"BreadcrumbList","@id":"https:\/\/serviceshop.aedlab.nl\/heartbeatservice\/#breadcrumb","itemListElement":[{"@type":"ListItem","position":1,"name":"Home","item":"https:\/\/serviceshop.aedlab.nl\/"},{"@type":"ListItem","position":2,"name":"HeartBeatService"}]},{"@type":"WebSite","@id":"https:\/\/serviceshop.aedlab.nl\/#website","url":"https:\/\/serviceshop.aedlab.nl\/","name":"Aedpartner.com","description":"","publisher":{"@id":"https:\/\/serviceshop.aedlab.nl\/#organization"},"potentialAction":[{"@type":"SearchAction","target":{"@type":"EntryPoint","urlTemplate":"https:\/\/serviceshop.aedlab.nl\/?s={search_term_string}"},"query-input":{"@type":"PropertyValueSpecification","valueRequired":true,"valueName":"search_term_string"}}],"inLanguage":"fr-BE"},{"@type":"Organization","@id":"https:\/\/serviceshop.aedlab.nl\/#organization","name":"Partenaire DEA","url":"https:\/\/serviceshop.aedlab.nl\/","logo":{"@type":"ImageObject","inLanguage":"fr-BE","@id":"https:\/\/serviceshop.aedlab.nl\/#\/schema\/logo\/image\/","url":"https:\/\/serviceshop.aedlab.nl\/wp-content\/uploads\/2025\/10\/AED-Partner-Logo-RGB-scaled.png","contentUrl":"https:\/\/serviceshop.aedlab.nl\/wp-content\/uploads\/2025\/10\/AED-Partner-Logo-RGB-scaled.png","width":2560,"height":1372,"caption":"AED-Partner"},"image":{"@id":"https:\/\/serviceshop.aedlab.nl\/#\/schema\/logo\/image\/"}}]}},"_links":{"self":[{"href":"https:\/\/serviceshop.aedlab.nl\/fr\/wp-json\/wp\/v2\/pages\/2634","targetHints":{"allow":["GET"]}}],"collection":[{"href":"https:\/\/serviceshop.aedlab.nl\/fr\/wp-json\/wp\/v2\/pages"}],"about":[{"href":"https:\/\/serviceshop.aedlab.nl\/fr\/wp-json\/wp\/v2\/types\/page"}],"author":[{"embeddable":true,"href":"https:\/\/serviceshop.aedlab.nl\/fr\/wp-json\/wp\/v2\/users\/1"}],"replies":[{"embeddable":true,"href":"https:\/\/serviceshop.aedlab.nl\/fr\/wp-json\/wp\/v2\/comments?post=2634"}],"version-history":[{"count":6,"href":"https:\/\/serviceshop.aedlab.nl\/fr\/wp-json\/wp\/v2\/pages\/2634\/revisions"}],"predecessor-version":[{"id":3451,"href":"https:\/\/serviceshop.aedlab.nl\/fr\/wp-json\/wp\/v2\/pages\/2634\/revisions\/3451"}],"wp:featuredmedia":[{"embeddable":true,"href":"https:\/\/serviceshop.aedlab.nl\/fr\/wp-json\/wp\/v2\/media\/2588"}],"wp:attachment":[{"href":"https:\/\/serviceshop.aedlab.nl\/fr\/wp-json\/wp\/v2\/media?parent=2634"}],"curies":[{"name":"wp","href":"https:\/\/api.w.org\/{rel}","templated":true}]}}